{"id":227,"date":"2014-10-24T17:03:25","date_gmt":"2014-10-24T17:03:25","guid":{"rendered":"http:\/\/www.navaslaw.com\/contenido\/?page_id=227"},"modified":"2016-04-27T17:15:27","modified_gmt":"2016-04-27T17:15:27","slug":"informacion-util","status":"publish","type":"page","link":"http:\/\/www.navaslaw.com\/es\/informacion-util\/","title":{"rendered":"Informaci\u00f3n \u00datil"},"content":{"rendered":"<h1 class=\"archive-title fontz\">Informaci\u00f3n \u00datil<\/h1>\n<h3>DERECHO PENAL<\/h3>\n<p><a title=\"Derechos de la V\u00edctima\" href=\"http:\/\/www.navaslaw.com\/contenido\/wp-content\/uploads\/2015\/03\/memo-der-penal-derechos-de-la-victima-30-ene-15.pdf\" target=\"_blank\">Derechos de la V\u00edctima<\/a><\/p>\n","protected":false},"excerpt":{"rendered":"<p>Informaci\u00f3n \u00datil DERECHO PENAL Derechos de la V\u00edctima<\/p>\n","protected":false},"author":2,"featured_media":0,"parent":0,"menu_order":0,"comment_status":"closed","ping_status":"closed","template":"","meta":{"footnotes":""},"class_list":["post-227","page","type-page","status-publish","hentry"],"aioseo_notices":[],"_links":{"self":[{"href":"http:\/\/www.navaslaw.com\/es\/wp-json\/wp\/v2\/pages\/227","targetHints":{"allow":["GET"]}}],"collection":[{"href":"http:\/\/www.navaslaw.com\/es\/wp-json\/wp\/v2\/pages"}],"about":[{"href":"http:\/\/www.navaslaw.com\/es\/wp-json\/wp\/v2\/types\/page"}],"author":[{"embeddable":true,"href":"http:\/\/www.navaslaw.com\/es\/wp-json\/wp\/v2\/users\/2"}],"replies":[{"embeddable":true,"href":"http:\/\/www.navaslaw.com\/es\/wp-json\/wp\/v2\/comments?post=227"}],"version-history":[{"count":26,"href":"http:\/\/www.navaslaw.com\/es\/wp-json\/wp\/v2\/pages\/227\/revisions"}],"predecessor-version":[{"id":647,"href":"http:\/\/www.navaslaw.com\/es\/wp-json\/wp\/v2\/pages\/227\/revisions\/647"}],"wp:attachment":[{"href":"http:\/\/www.navaslaw.com\/es\/wp-json\/wp\/v2\/media?parent=227"}],"curies":[{"name":"wp","href":"https:\/\/api.w.org\/{rel}","templated":true}]}}