{"id":222,"date":"2014-10-24T16:58:35","date_gmt":"2014-10-24T16:58:35","guid":{"rendered":"http:\/\/www.navaslaw.com\/contenido\/?page_id=222"},"modified":"2014-11-19T22:50:30","modified_gmt":"2014-11-19T22:50:30","slug":"servicios-notariales","status":"publish","type":"page","link":"http:\/\/www.navaslaw.com\/es\/servicios-notariales\/","title":{"rendered":"Servicios Notariales"},"content":{"rendered":"<h1 class=\"archive-title fontz\"><span>Servicios Notariales<span><\/h1>\n<p>(NOTARIOS P\u00daBLICOS COSTA RICA) Bufete Navas &#038; Navas se caracteriza por la amplia e impecable trayectoria de los profesionales que integran nuestra firma, entre ellos, nuestros Notarios P\u00fablicos. La seguridad jur\u00eddica y patrimonial es fundamental en todo negocio y en nuestra vida diaria. La actuaci\u00f3n de un Notario que cumpla con su deber de asesor\u00eda y que cuente con amplia experiencia, garantiza al usuario la debida estructuraci\u00f3n de la escritura p\u00fablica, el eficiente uso de los recursos econ\u00f3micos, la eficiente y r\u00e1pida inscripci\u00f3n del acto ante el Registro correspondiente y el cumplimiento los efectos deseados.<\/p>\n<p>&nbsp;<\/p>\n<p>Entre otros, los servicios que brindamos en el \u00e1rea Notarial y Registral se encuentran los siguientes:<\/p>\n<p>&nbsp;<\/p>\n<ul style=\"margin-left:80px;\">\n<li>Estudios registrales e hist\u00f3ricos de propiedades (bienes inmuebles).<\/li>\n<li>Traspasos de propiedades (bienes inmuebles).<\/li>\n<li>Segregaciones de propiedades.<\/li>\n<li>Reuniones de fincas.<\/li>\n<li>Constituci\u00f3n de condominios.<\/li>\n<li>Constituci\u00f3n de hipotecas y c\u00e9dulas hipotecarias.<\/li>\n<li>Cancelaci\u00f3n de hipotecas y c\u00e9dulas hipotecarias.<\/li>\n<li>Constituci\u00f3n de servidumbres.<\/li>\n<li>Inscripci\u00f3n de veh\u00edculos, aeronaves, buques y marcas de ganado.<\/li>\n<li>Estudios registrales e hist\u00f3ricos de veh\u00edculos.<\/li>\n<li>Traspasos de veh\u00edculos.<\/li>\n<li>Constituci\u00f3n de prendas.<\/li>\n<li>Cancelaci\u00f3n de prendas.<\/li>\n<li>Cambio de caracter\u00edsticas de veh\u00edculos.<\/li>\n<li>Pago de marchamos.<\/li>\n<li>Constituci\u00f3n de sociedades (sociedades an\u00f3nimas o sociedades de responsabilidad limitada).<\/li>\n<li>Protocolizaci\u00f3n e inscripci\u00f3n de acuerdos de asambleas de socios o cuotistas.<\/li>\n<li>Emisi\u00f3n de certificaciones de personer\u00eda jur\u00eddica.<\/li>\n<li>Emisi\u00f3n de certificaciones de capital social o capital accionario.<\/li>\n<li>Inscripci\u00f3n de sucursales o poderes de Casas Extranjeras.<\/li>\n<li>Pago del impuesto a las personas jur\u00eddicas.<\/li>\n<li>Contratos de fideicomiso y leasing.<\/li>\n<li>Declaraciones juradas.<\/li>\n<li>Certificaciones de documentos.<\/li>\n<li>Traducciones notariales.<\/li>\n<li>Otorgamiento e inscripci\u00f3n de poderes.<\/li>\n<li>Autenticaci\u00f3n de firmas.<\/li>\n<li>Legalizaci\u00f3n de documentos para uso en el extranjero.<\/li>\n<li>Obtenci\u00f3n de apostillas.<\/li>\n<li>Actas Notariales.<\/li>\n<li>Testamentos.<\/li>\n<li>Procesos sucesorios en sede Notarial.<\/li>\n<li>Procesos de informaci\u00f3n para perpetua memoria para incorporaci\u00f3n a Colegios Profesionales.<\/li>\n<\/ul>\n<p>&nbsp;<br \/>\n&nbsp;<br \/>\n&nbsp;<br \/>\n<a href=\"http:\/\/www.navaslaw.com\/contenido\/informacion-util\/\" class=\"btn_info_util\">Informaci\u00f3n \u00datil ><\/a><\/p>\n","protected":false},"excerpt":{"rendered":"<p>Servicios Notariales (NOTARIOS P\u00daBLICOS COSTA RICA) Bufete Navas &#038; Navas se caracteriza por la amplia e impecable trayectoria de los profesionales que integran nuestra firma, entre ellos, nuestros Notarios P\u00fablicos. La seguridad jur\u00eddica y patrimonial es fundamental en todo negocio y en nuestra vida diaria. La actuaci\u00f3n de un Notario que cumpla con su deber [&hellip;]<\/p>\n","protected":false},"author":2,"featured_media":296,"parent":0,"menu_order":0,"comment_status":"closed","ping_status":"closed","template":"","meta":{"footnotes":""},"class_list":["post-222","page","type-page","status-publish","has-post-thumbnail","hentry"],"aioseo_notices":[],"_links":{"self":[{"href":"http:\/\/www.navaslaw.com\/es\/wp-json\/wp\/v2\/pages\/222","targetHints":{"allow":["GET"]}}],"collection":[{"href":"http:\/\/www.navaslaw.com\/es\/wp-json\/wp\/v2\/pages"}],"about":[{"href":"http:\/\/www.navaslaw.com\/es\/wp-json\/wp\/v2\/types\/page"}],"author":[{"embeddable":true,"href":"http:\/\/www.navaslaw.com\/es\/wp-json\/wp\/v2\/users\/2"}],"replies":[{"embeddable":true,"href":"http:\/\/www.navaslaw.com\/es\/wp-json\/wp\/v2\/comments?post=222"}],"version-history":[{"count":6,"href":"http:\/\/www.navaslaw.com\/es\/wp-json\/wp\/v2\/pages\/222\/revisions"}],"predecessor-version":[{"id":486,"href":"http:\/\/www.navaslaw.com\/es\/wp-json\/wp\/v2\/pages\/222\/revisions\/486"}],"wp:featuredmedia":[{"embeddable":true,"href":"http:\/\/www.navaslaw.com\/es\/wp-json\/wp\/v2\/media\/296"}],"wp:attachment":[{"href":"http:\/\/www.navaslaw.com\/es\/wp-json\/wp\/v2\/media?parent=222"}],"curies":[{"name":"wp","href":"https:\/\/api.w.org\/{rel}","templated":true}]}}