{"id":218,"date":"2014-10-24T16:55:58","date_gmt":"2014-10-24T16:55:58","guid":{"rendered":"http:\/\/www.navaslaw.com\/contenido\/?page_id=218"},"modified":"2014-11-19T22:48:17","modified_gmt":"2014-11-19T22:48:17","slug":"derecho-administrativo","status":"publish","type":"page","link":"http:\/\/www.navaslaw.com\/es\/derecho-administrativo\/","title":{"rendered":"Derecho Administrativo"},"content":{"rendered":"<h1 class=\"archive-title fontz\"><span>Derecho Administrativo<span><\/h1>\n<p>(LITIGANTES DERECHO ADMINISTRATIVO COSTA RICA) Bufete Navas &#038; Navas ha incursionado en el \u00e1mbito del Derecho P\u00fablico. Para nuestros abogados litigantes, especialistas en Derecho Administrativo, resulta prioritario ejercer una defensa diligente a los efectos de lograr el respeto de los derechos de aquellas personas o entidades que tienen un inter\u00e9s leg\u00edtimo ante el Estado costarricense, independientemente de si se trata del Gobierno Central, o de Instituciones Aut\u00f3nomas o Semiaut\u00f3nomas. <\/p>\n<p>&nbsp;<\/p>\n<p>Nuestra amplia experiencia en el manejo de procesos orales en materia penal, as\u00ed como nuestro conocimiento de los derechos fundamentales que conforman el Debido Proceso, ha resultado determinante en la exitosa atenci\u00f3n de los procesos orales que actualmente se desarrollan, tanto en v\u00eda administrativa como judicial. En ese sentido contamos con especialistas comprometidos con la eficiente representaci\u00f3n de los de los individuos o entidades que tengan alg\u00fan reclamo leg\u00edtimo ante el Estado costarricense, o bien, de aquellos funcionarios que son sometidos  a un procedimiento investigativo, disciplinario o sancionatorio. <\/p>\n<p>&nbsp;<\/p>\n<ul style=\"margin-left:80px;\">\n<li>Estudio, diagn\u00f3stico y emisi\u00f3n de opiniones legales de casos.<\/li>\n<li>Representaci\u00f3n y defensa de funcionarios p\u00fablicos sometidos a procesos disciplinarios o sancionatorios.<\/li>\n<li>Representaci\u00f3n de ciudadanos o entidades privadas en procesos contra la Administraci\u00f3n P\u00fablica (Gobierno Central e Instituciones Aut\u00f3nomas o Semiaut\u00f3nomas).<\/li>\n<li>Atenci\u00f3n y tramitaci\u00f3n de procesos ante la Jurisdicci\u00f3n Contencioso-Administrativa y Civil de Hacienda.<\/li>\n<li>Atenci\u00f3n de procedimientos ante Instituciones Aut\u00f3nomas o Semiaut\u00f3nomas.<\/li>\n<li>Atenci\u00f3n de reclamos y procesos ante la Caja Costarricense del Seguro Social (CCSS).<\/li>\n<li>Atenci\u00f3n de procesos laborales regidos por el Estatuto de Servicio Civil, Ley 1581.<\/li>\n<li>Atenci\u00f3n de procedimientos investigativos, disciplinarios o sancionatorios tramitados ante la Administraci\u00f3n P\u00fablica.<\/li>\n<li>Interposici\u00f3n de recursos de apelaci\u00f3n de resoluciones dictadas por la Administraci\u00f3n P\u00fablica.<\/li>\n<li>Interposici\u00f3n de recursos de apelaci\u00f3n ante el Tribunal de lo Contencioso-Administrativo. <\/li>\n<li>Interposici\u00f3n de recursos de Casaci\u00f3n ante el Tribunal Contencioso-Administrativo y Civil de Hacienda, el Tribunal de Casaci\u00f3n Contencioso-Administrativo y Civil de Hacienda la Sala Primera de la Corte Suprema de Justicia. <\/li>\n<li>Interposici\u00f3n de recursos de revisi\u00f3n ante la Sala Primera de la Corte Suprema de Justicia.<\/li>\n<li>Tramitaci\u00f3n de Procesos de Ejecuci\u00f3n de Sentencia.<\/li>\n<li>Resoluci\u00f3n Alterna de Conflictos.<\/li>\n<\/ul>\n<p>&nbsp;<br \/>\n&nbsp;<br \/>\n&nbsp;<br \/>\n<a href=\"http:\/\/www.navaslaw.com\/contenido\/informacion-util\/\" class=\"btn_info_util\">Informaci\u00f3n \u00datil ><\/a><\/p>\n","protected":false},"excerpt":{"rendered":"<p>Derecho Administrativo (LITIGANTES DERECHO ADMINISTRATIVO COSTA RICA) Bufete Navas &#038; Navas ha incursionado en el \u00e1mbito del Derecho P\u00fablico. Para nuestros abogados litigantes, especialistas en Derecho Administrativo, resulta prioritario ejercer una defensa diligente a los efectos de lograr el respeto de los derechos de aquellas personas o entidades que tienen un inter\u00e9s leg\u00edtimo ante el [&hellip;]<\/p>\n","protected":false},"author":2,"featured_media":239,"parent":0,"menu_order":0,"comment_status":"closed","ping_status":"closed","template":"","meta":{"footnotes":""},"class_list":["post-218","page","type-page","status-publish","has-post-thumbnail","hentry"],"aioseo_notices":[],"_links":{"self":[{"href":"http:\/\/www.navaslaw.com\/es\/wp-json\/wp\/v2\/pages\/218","targetHints":{"allow":["GET"]}}],"collection":[{"href":"http:\/\/www.navaslaw.com\/es\/wp-json\/wp\/v2\/pages"}],"about":[{"href":"http:\/\/www.navaslaw.com\/es\/wp-json\/wp\/v2\/types\/page"}],"author":[{"embeddable":true,"href":"http:\/\/www.navaslaw.com\/es\/wp-json\/wp\/v2\/users\/2"}],"replies":[{"embeddable":true,"href":"http:\/\/www.navaslaw.com\/es\/wp-json\/wp\/v2\/comments?post=218"}],"version-history":[{"count":4,"href":"http:\/\/www.navaslaw.com\/es\/wp-json\/wp\/v2\/pages\/218\/revisions"}],"predecessor-version":[{"id":478,"href":"http:\/\/www.navaslaw.com\/es\/wp-json\/wp\/v2\/pages\/218\/revisions\/478"}],"wp:featuredmedia":[{"embeddable":true,"href":"http:\/\/www.navaslaw.com\/es\/wp-json\/wp\/v2\/media\/239"}],"wp:attachment":[{"href":"http:\/\/www.navaslaw.com\/es\/wp-json\/wp\/v2\/media?parent=218"}],"curies":[{"name":"wp","href":"https:\/\/api.w.org\/{rel}","templated":true}]}}