{"id":213,"date":"2014-10-24T16:49:36","date_gmt":"2014-10-24T16:49:36","guid":{"rendered":"http:\/\/www.navaslaw.com\/contenido\/?page_id=213"},"modified":"2014-11-19T22:48:22","modified_gmt":"2014-11-19T22:48:22","slug":"derecho-cooperativo-y-asociativo","status":"publish","type":"page","link":"http:\/\/www.navaslaw.com\/es\/derecho-cooperativo-y-asociativo\/","title":{"rendered":"Derecho Cooperativo y Asociativo"},"content":{"rendered":"<h1 class=\"archive-title fontz\"><span>Derecho Cooperativo y Asociativo<\/span><\/h1>\n<p>(COOPERATIVAS \u2013 ASOCIACIONES SOLIDARISTAS COSTA RICA) Las organizaciones y empresas del Sector Social de la Econom\u00eda han incrementando en los \u00faltimos a\u00f1os su participaci\u00f3n en los sectores financieros, productivos y de servicios en el pa\u00eds. Por ello, una adecuada asesor\u00eda jur\u00eddica a este sector deviene de gran importancia. <\/p>\n<p>&nbsp;<\/p>\n<p>El Bufete Navas &#038; Navas cuenta con un destacado grupo de abogados con amplia experiencia y s\u00f3lida formaci\u00f3n en la atenci\u00f3n de Cooperativas, Asociaciones Civiles, Asociaciones Solidaristas, Fundaciones, Organizaciones Privadas de Desarrollo (OPDs) y Organizaciones No Gubernamentales (ONGs). Nuestros abogados cuentan con amplia experiencia en la asesor\u00eda de este tipo de entidades, tanto dentro como fuera de Costa Rica, e incluso forman parte de agrupaciones internacionales de abogados especializados en este tema, lo que asegura una atenci\u00f3n y apoyo jur\u00eddico del m\u00e1s alto nivel.<\/p>\n<p>&nbsp;<\/p>\n<p>El Bufete Navas&#038; Navas puede dar asesor\u00eda y apoyo a estas organizaciones en los siguientes campos.<\/p>\n<p>&nbsp;<\/p>\n<ul style=\"margin-left:80px;\">\n<li>Constituci\u00f3n de entidades asociativas de diversa \u00edndole.<\/li>\n<li>Elaboraci\u00f3n y revisi\u00f3n de estatutos y reglamentos.<\/li>\n<li>Atenci\u00f3n de asambleas y sesiones de asesor\u00eda directa a cuerpos directivos.<\/li>\n<li>Apoyo jur\u00eddico para la actuaci\u00f3n ante entidades de supervisi\u00f3n estatal.<\/li>\n<li>Capacitaci\u00f3n de cuadros administrativos, gerenciales y directivos.<\/li>\n<li>Atenci\u00f3n de litigios en sede civil, penal, laboral y contenciosa administrativa.<\/li>\n<li>Apoyo y asesor\u00eda en tr\u00e1mites y procesos de cobro judicial y administrativo.<\/li>\n<li>Apoyo notarial y registral especializado.<\/li>\n<\/ul>\n<p>&nbsp;<br \/>\n&nbsp;<br \/>\n&nbsp;<br \/>\n<a href=\"http:\/\/www.navaslaw.com\/contenido\/informacion-util\/\" class=\"btn_info_util\">Informaci\u00f3n \u00datil ><\/a><\/p>\n","protected":false},"excerpt":{"rendered":"<p>Derecho Cooperativo y Asociativo (COOPERATIVAS \u2013 ASOCIACIONES SOLIDARISTAS COSTA RICA) Las organizaciones y empresas del Sector Social de la Econom\u00eda han incrementando en los \u00faltimos a\u00f1os su participaci\u00f3n en los sectores financieros, productivos y de servicios en el pa\u00eds. Por ello, una adecuada asesor\u00eda jur\u00eddica a este sector deviene de gran importancia. &nbsp; El Bufete [&hellip;]<\/p>\n","protected":false},"author":2,"featured_media":240,"parent":0,"menu_order":0,"comment_status":"closed","ping_status":"closed","template":"","meta":{"footnotes":""},"class_list":["post-213","page","type-page","status-publish","has-post-thumbnail","hentry"],"aioseo_notices":[],"_links":{"self":[{"href":"http:\/\/www.navaslaw.com\/es\/wp-json\/wp\/v2\/pages\/213","targetHints":{"allow":["GET"]}}],"collection":[{"href":"http:\/\/www.navaslaw.com\/es\/wp-json\/wp\/v2\/pages"}],"about":[{"href":"http:\/\/www.navaslaw.com\/es\/wp-json\/wp\/v2\/types\/page"}],"author":[{"embeddable":true,"href":"http:\/\/www.navaslaw.com\/es\/wp-json\/wp\/v2\/users\/2"}],"replies":[{"embeddable":true,"href":"http:\/\/www.navaslaw.com\/es\/wp-json\/wp\/v2\/comments?post=213"}],"version-history":[{"count":4,"href":"http:\/\/www.navaslaw.com\/es\/wp-json\/wp\/v2\/pages\/213\/revisions"}],"predecessor-version":[{"id":479,"href":"http:\/\/www.navaslaw.com\/es\/wp-json\/wp\/v2\/pages\/213\/revisions\/479"}],"wp:featuredmedia":[{"embeddable":true,"href":"http:\/\/www.navaslaw.com\/es\/wp-json\/wp\/v2\/media\/240"}],"wp:attachment":[{"href":"http:\/\/www.navaslaw.com\/es\/wp-json\/wp\/v2\/media?parent=213"}],"curies":[{"name":"wp","href":"https:\/\/api.w.org\/{rel}","templated":true}]}}