{"id":211,"date":"2014-10-24T16:47:16","date_gmt":"2014-10-24T16:47:16","guid":{"rendered":"http:\/\/www.navaslaw.com\/contenido\/?page_id=211"},"modified":"2014-11-19T22:48:13","modified_gmt":"2014-11-19T22:48:13","slug":"corporativo-y-formacion-de-empresas","status":"publish","type":"page","link":"http:\/\/www.navaslaw.com\/es\/corporativo-y-formacion-de-empresas\/","title":{"rendered":"Corporativo y Formaci\u00f3n de Empresas"},"content":{"rendered":"<h1 class=\"archive-title fontz\"><span>Corporativo y Formaci\u00f3n de Empresas<\/span><\/h1>\n<p>(ABOGADOS CORPORATIVOS COSTA RICA) En Bufete Navas &#038; Navas, nuestros abogados cuentan con amplia experiencia en brindar asesor\u00eda a empresas transnacionales o locales que deseen iniciar operaciones en Costa Rica o que ya se encuentran operando en nuestro pa\u00eds. Nuestra meta es trabajar de la mano con nuestros clientes y ser considerados sus aliados o socios de negocios, as\u00ed como establecer relaciones de confianza a largo plazo.<\/p>\n<p>&nbsp;<\/p>\n<p>A trav\u00e9s de una estructura corporativa adecuada, es posible establecer operaciones de una empresa transnacional en Costa Rica, iniciar un negocio de call-center o centro de llamadas, abrir un hotel o empresa tur\u00edstica, iniciar una empresa familiar, proveer servicios de administraci\u00f3n de planillas o administraci\u00f3n de personal,  contratar trabajadores para distintas actividades, y administrar bienes, entre muchas otras posibilidades.<\/p>\n<p>&nbsp;<\/p>\n<p>Entre los servicios que brindamos en el \u00e1rea corporativa se encuentran los siguientes:<\/p>\n<p>&nbsp;<\/p>\n<ul style=\"margin-left:80px;\">\n<li>Formaci\u00f3n y estructuraci\u00f3n de empresas.<\/li>\n<li>Constituci\u00f3n de sociedades (sociedades an\u00f3nimas y sociedades de responsabilidad limitada).<\/li>\n<li>Estructuraci\u00f3n, otorgamiento e inscripci\u00f3n de poderes.<\/li>\n<li>Modificaci\u00f3n de estatutos de sociedades e inscripci\u00f3n ante el Registro P\u00fablico.<\/li>\n<li>Adquisiciones y fusiones de empresas.<\/li>\n<li>Diagn\u00f3sticos y opiniones legales para adquisici\u00f3n de empresas.<\/li>\n<li>Pago del Impuesto a las Personas Jur\u00eddicas.<\/li>\n<li>Asesor\u00eda y negociaci\u00f3n contractual (contratos de arrendamiento, contratos de servicios profesionales, contratos laborales, contratos con proveedores, alianzas empresariales, entre otros).<\/li>\n<li>Asesor\u00eda en propiedad intelectual y propiedad industrial.<\/li>\n<li>Inscripci\u00f3n de marcas, derechos de autor y nombre comercial.<\/li>\n<li>Asesor\u00eda inmobiliaria.<\/li>\n<li>Asesor\u00eda en materia de representaci\u00f3n de casas extranjeras de acuerdo con la Ley de Protecci\u00f3n al Representante de Casas Extranjeras (Ley 6209 y Ley 8629)<\/li>\n<\/ul>\n<p>&nbsp;<br \/>\n&nbsp;<br \/>\n&nbsp;<br \/>\n<a href=\"http:\/\/www.navaslaw.com\/contenido\/informacion-util\/\" class=\"btn_info_util\">Informaci\u00f3n \u00datil ><\/a><\/p>\n","protected":false},"excerpt":{"rendered":"<p>Corporativo y Formaci\u00f3n de Empresas (ABOGADOS CORPORATIVOS COSTA RICA) En Bufete Navas &#038; Navas, nuestros abogados cuentan con amplia experiencia en brindar asesor\u00eda a empresas transnacionales o locales que deseen iniciar operaciones en Costa Rica o que ya se encuentran operando en nuestro pa\u00eds. Nuestra meta es trabajar de la mano con nuestros clientes y [&hellip;]<\/p>\n","protected":false},"author":2,"featured_media":238,"parent":0,"menu_order":0,"comment_status":"closed","ping_status":"closed","template":"","meta":{"footnotes":""},"class_list":["post-211","page","type-page","status-publish","has-post-thumbnail","hentry"],"aioseo_notices":[],"_links":{"self":[{"href":"http:\/\/www.navaslaw.com\/es\/wp-json\/wp\/v2\/pages\/211","targetHints":{"allow":["GET"]}}],"collection":[{"href":"http:\/\/www.navaslaw.com\/es\/wp-json\/wp\/v2\/pages"}],"about":[{"href":"http:\/\/www.navaslaw.com\/es\/wp-json\/wp\/v2\/types\/page"}],"author":[{"embeddable":true,"href":"http:\/\/www.navaslaw.com\/es\/wp-json\/wp\/v2\/users\/2"}],"replies":[{"embeddable":true,"href":"http:\/\/www.navaslaw.com\/es\/wp-json\/wp\/v2\/comments?post=211"}],"version-history":[{"count":3,"href":"http:\/\/www.navaslaw.com\/es\/wp-json\/wp\/v2\/pages\/211\/revisions"}],"predecessor-version":[{"id":477,"href":"http:\/\/www.navaslaw.com\/es\/wp-json\/wp\/v2\/pages\/211\/revisions\/477"}],"wp:featuredmedia":[{"embeddable":true,"href":"http:\/\/www.navaslaw.com\/es\/wp-json\/wp\/v2\/media\/238"}],"wp:attachment":[{"href":"http:\/\/www.navaslaw.com\/es\/wp-json\/wp\/v2\/media?parent=211"}],"curies":[{"name":"wp","href":"https:\/\/api.w.org\/{rel}","templated":true}]}}