{"id":206,"date":"2014-10-24T16:39:38","date_gmt":"2014-10-24T16:39:38","guid":{"rendered":"http:\/\/www.navaslaw.com\/contenido\/?page_id=206"},"modified":"2015-03-17T23:37:57","modified_gmt":"2015-03-17T23:37:57","slug":"derecho-penal","status":"publish","type":"page","link":"http:\/\/www.navaslaw.com\/es\/derecho-penal\/","title":{"rendered":"Derecho Penal"},"content":{"rendered":"<h1 class=\"archive-title fontz\"><span>Derecho Penal<\/span><\/h1>\n<p>(ABOGADOS PENALISTAS COSTA RICA) Bufete Navas &amp; Navas cuenta con litigantes de amplia y reconocida trayectoria en el \u00e1mbito criminal. Los miembros de nuestro equipo legal se han destacado tanto en el ejercicio privado relacionado con la persecuci\u00f3n penal, sea en representaci\u00f3n de la v\u00edctima de un delito as\u00ed como tambi\u00e9n en defensa del imputado. Su formaci\u00f3n y pr\u00e1ctica se ha desarrollado en el ejercicio liberal de la profesi\u00f3n, la que ha sido complementada en campos relacionados con la funci\u00f3n p\u00fablica, donde han sobresalido como fiscales, jueces, Defensores P\u00fablicos y, para el caso de la Licenciada Gloria Navas -socia fundadora- al ocupar el puesto de Jefe de la Defensa P\u00fablica, primera mujer destacada en este cargo.<\/p>\n<p>&nbsp;<\/p>\n<p>Nuestro equipo de abogados penalistas tiene como prioridad brindarle a nuestros clientes la mejor y m\u00e1s eficiente representaci\u00f3n legal. Conscientes de la carga emocional y el desgaste propio de afrontar un proceso judicial de esta naturaleza, ello nos ha impulsado a materializar la frase \u201cabogado de confianza\u201d a trav\u00e9s de un servicio eficiente, \u00e9tico y humanizado en el que el cliente experimente que sus intereses est\u00e1n siendo correctamente representados, ello con independencia de que se trate del acusador, el acusado, el actor o el demandado civil. La responsabilidad de asumir la atenci\u00f3n del caso amerita una ardua preparaci\u00f3n lograda a trav\u00e9s del estudio, discusi\u00f3n y actualizaci\u00f3n constante de temas propios del il\u00edcito penal pero tambi\u00e9n, los vinculados con la psicolog\u00eda forense, medicina legal, bal\u00edstica, t\u00e9cnicas de interrogatorio, oralidad, debido proceso , derecho de defensa en juicio, derechos de la v\u00edctima entre otros, para brindar una atenci\u00f3n integral orientada a la satisfacci\u00f3n de las expectativas de quienes acuden a nuestra firma. La obtenci\u00f3n de una justicia eficiente, conforme a derecho, pronta y cumplida es nuestro norte permanente.<\/p>\n<p>&nbsp;<\/p>\n<p>En el \u00e1rea penal ofrecemos principalmente los siguientes servicios:<\/p>\n<p>&nbsp;<\/p>\n<ul style=\"margin-left: 80px;\">\n<ul style=\"margin-left: 80px;\">\n<li>Asesor\u00eda preventiva y mitigaci\u00f3n de riesgos.<\/li>\n<li>Diagn\u00f3stico de casos, emisi\u00f3n de opiniones legales y dise\u00f1o de estrategias legales.<\/li>\n<li>Manejo de casos penales por estafa, mala praxis, administraci\u00f3n fraudulenta, homicidio, delitos sexuales, incumplimiento de medidas de protecci\u00f3n en casos de violencia dom\u00e9stica, abuso de autoridad, falsificaci\u00f3n y uso de documento falso, delitos contra el honor (injuria, calumnia, difamaci\u00f3n), delitos cometidos en perjuicio del adulto mayor, entre otros.<\/li>\n<li>Manejo de casos de tr\u00e1nsito tales como colisiones y lesiones.<\/li>\n<li>Representaci\u00f3n de la v\u00edctima y la compensaci\u00f3n en da\u00f1os y perjuicios.<\/li>\n<li>Redacci\u00f3n, presentaci\u00f3n y manejo de denuncias, querellas y acciones indemnizatorias en general (acci\u00f3n civil resarcitoria).<\/li>\n<li>Defensa t\u00e9cnica del acusado.<\/li>\n<li>Impugnaci\u00f3n de prisi\u00f3n preventiva, impedimento de salida del pa\u00eds y otros<\/li>\n<li>Interposici\u00f3n de recursos de H\u00e1beas Corpus ante la Sala Constitucional (detenciones ilegales).<\/li>\n<li>Impugnaci\u00f3n de normativa y jurisprudencia en sede constitucional.<\/li>\n<li>Atenci\u00f3n de audiencias orales y debates p\u00fablicos (juicios orales).<\/li>\n<li>Redacci\u00f3n y presentaci\u00f3n del recurso en alzada contra fallos ante el Tribunal de Apelaci\u00f3n de Sentencia.<\/li>\n<li>Redacci\u00f3n y defensa en audiencia oral de recursos de casaci\u00f3n ante la Sala Tercera de la Corte Suprema de Justicia.<\/li>\n<li>Redacci\u00f3n y presentaci\u00f3n de recursos de revisi\u00f3n ante la Sala Tercera de la Corte Suprema de Justicia.<\/li>\n<li>Etapa de ejecuci\u00f3n de la pena: gestiones de reducci\u00f3n de pena, indultos, libertad condicional y dem\u00e1s beneficios carcelarios y su impugnaci\u00f3n.<\/li>\n<li>Resoluci\u00f3n Alterna de Conflictos Penales (negociaci\u00f3n, conciliaci\u00f3n, mediaci\u00f3n y\/o arbitraje).<\/li>\n<\/ul>\n<\/ul>\n<p>&nbsp;<\/p>\n<p><a class=\"btn_info_util\" href=\"http:\/\/www.navaslaw.com\/contenido\/informacion-util\/\">Informaci\u00f3n \u00datil &gt;<\/a><\/p>\n","protected":false},"excerpt":{"rendered":"<p>Derecho Penal (ABOGADOS PENALISTAS COSTA RICA) Bufete Navas &amp; Navas cuenta con litigantes de amplia y reconocida trayectoria en el \u00e1mbito criminal. Los miembros de nuestro equipo legal se han destacado tanto en el ejercicio privado relacionado con la persecuci\u00f3n penal, sea en representaci\u00f3n de la v\u00edctima de un delito as\u00ed como tambi\u00e9n en defensa [&hellip;]<\/p>\n","protected":false},"author":2,"featured_media":592,"parent":0,"menu_order":0,"comment_status":"closed","ping_status":"closed","template":"","meta":{"footnotes":""},"class_list":["post-206","page","type-page","status-publish","has-post-thumbnail","hentry"],"aioseo_notices":[],"_links":{"self":[{"href":"http:\/\/www.navaslaw.com\/es\/wp-json\/wp\/v2\/pages\/206","targetHints":{"allow":["GET"]}}],"collection":[{"href":"http:\/\/www.navaslaw.com\/es\/wp-json\/wp\/v2\/pages"}],"about":[{"href":"http:\/\/www.navaslaw.com\/es\/wp-json\/wp\/v2\/types\/page"}],"author":[{"embeddable":true,"href":"http:\/\/www.navaslaw.com\/es\/wp-json\/wp\/v2\/users\/2"}],"replies":[{"embeddable":true,"href":"http:\/\/www.navaslaw.com\/es\/wp-json\/wp\/v2\/comments?post=206"}],"version-history":[{"count":15,"href":"http:\/\/www.navaslaw.com\/es\/wp-json\/wp\/v2\/pages\/206\/revisions"}],"predecessor-version":[{"id":606,"href":"http:\/\/www.navaslaw.com\/es\/wp-json\/wp\/v2\/pages\/206\/revisions\/606"}],"wp:featuredmedia":[{"embeddable":true,"href":"http:\/\/www.navaslaw.com\/es\/wp-json\/wp\/v2\/media\/592"}],"wp:attachment":[{"href":"http:\/\/www.navaslaw.com\/es\/wp-json\/wp\/v2\/media?parent=206"}],"curies":[{"name":"wp","href":"https:\/\/api.w.org\/{rel}","templated":true}]}}