{"id":203,"date":"2014-10-24T16:37:14","date_gmt":"2014-10-24T16:37:14","guid":{"rendered":"http:\/\/www.navaslaw.com\/contenido\/?page_id=203"},"modified":"2014-12-01T15:00:56","modified_gmt":"2014-12-01T15:00:56","slug":"migracion","status":"publish","type":"page","link":"http:\/\/www.navaslaw.com\/es\/migracion\/","title":{"rendered":"Migraci\u00f3n"},"content":{"rendered":"<h1 class=\"archive-title fontz\"><span>Migraci\u00f3n<\/span><\/h1>\n<p>(ABOGADOS MIGRACI\u00d3N COSTA RICA) En Bufete Navas &#038; Navas contamos con Abogados especialistas en Derecho Migratorio que tienen la experiencia y conocimiento necesarios para brindarle a nuestros clientes la asistencia que requieren, ya sea para trabajar en Costa Rica, invertir o abrir un negocio en Costa Rica, o bien, radicarse o retirarse en la tierra del \u201cPura Vida\u201d. <\/p>\n<p>&nbsp;<\/p>\n<p>Nuestro Departamento Migratorio constantemente asiste tanto a empresas que est\u00e1n iniciando actividades en Costa Rica, como a individuos que desean trabajar, radicar o retirarse en Costa Rica. Trabajamos de la mano con nuestros clientes y con la Direcci\u00f3n General de Migraci\u00f3n y Extranjer\u00eda para encontrar la mejor y m\u00e1s r\u00e1pida soluci\u00f3n a sus necesidades. <\/p>\n<p>&nbsp;<\/p>\n<p>Entre los servicios que brindamos se encuentran:<\/p>\n<p>&nbsp;<\/p>\n<ul style=\"margin-left:80px;\">\n<li>Reconocimiento de Empresas.<\/li>\n<li>Permisos Temporales de Trabajo.<\/li>\n<li>Permisos de Trabajo para Empleadas Dom\u00e9sticas.<\/li>\n<li>Residencias Temporales.<\/li>\n<li>Residencias Permanentes.<\/li>\n<li>Residencias para Rentistas.<\/li>\n<li>Residencias para Inversionistas.<\/li>\n<li>Residencias para Pensionados.<\/li>\n<li>Estancias. <\/li>\n<li>Visas para Estudiantes, Investigadores, Docentes y Voluntarios.<\/li>\n<li>Visas para Turistas (pr\u00f3rrogas)<\/li>\n<li>Naturalizaciones.<\/li>\n<li>Inscripciones ante el Registro Civil.<\/li>\n<li>Obtenci\u00f3n de pasaportes.<\/li>\n<li>Permisos de Salida del Pa\u00eds para Menores de Edad.<\/li>\n<li>Requisitos para Visa de los Estados Unidos de Am\u00e9rica y otros pa\u00edses.<\/li>\n<ul>\n<p>&nbsp;<br \/>\n&nbsp;<br \/>\n&nbsp;<br \/>\n<a href=\"http:\/\/www.navaslaw.com\/contenido\/informacion-util\/\" class=\"btn_info_util\">Informaci\u00f3n \u00datil ><\/a><\/p>\n","protected":false},"excerpt":{"rendered":"<p>Migraci\u00f3n (ABOGADOS MIGRACI\u00d3N COSTA RICA) En Bufete Navas &#038; Navas contamos con Abogados especialistas en Derecho Migratorio que tienen la experiencia y conocimiento necesarios para brindarle a nuestros clientes la asistencia que requieren, ya sea para trabajar en Costa Rica, invertir o abrir un negocio en Costa Rica, o bien, radicarse o retirarse en la [&hellip;]<\/p>\n","protected":false},"author":2,"featured_media":329,"parent":0,"menu_order":0,"comment_status":"closed","ping_status":"closed","template":"","meta":{"footnotes":""},"class_list":["post-203","page","type-page","status-publish","has-post-thumbnail","hentry"],"aioseo_notices":[],"_links":{"self":[{"href":"http:\/\/www.navaslaw.com\/es\/wp-json\/wp\/v2\/pages\/203","targetHints":{"allow":["GET"]}}],"collection":[{"href":"http:\/\/www.navaslaw.com\/es\/wp-json\/wp\/v2\/pages"}],"about":[{"href":"http:\/\/www.navaslaw.com\/es\/wp-json\/wp\/v2\/types\/page"}],"author":[{"embeddable":true,"href":"http:\/\/www.navaslaw.com\/es\/wp-json\/wp\/v2\/users\/2"}],"replies":[{"embeddable":true,"href":"http:\/\/www.navaslaw.com\/es\/wp-json\/wp\/v2\/comments?post=203"}],"version-history":[{"count":4,"href":"http:\/\/www.navaslaw.com\/es\/wp-json\/wp\/v2\/pages\/203\/revisions"}],"predecessor-version":[{"id":533,"href":"http:\/\/www.navaslaw.com\/es\/wp-json\/wp\/v2\/pages\/203\/revisions\/533"}],"wp:featuredmedia":[{"embeddable":true,"href":"http:\/\/www.navaslaw.com\/es\/wp-json\/wp\/v2\/media\/329"}],"wp:attachment":[{"href":"http:\/\/www.navaslaw.com\/es\/wp-json\/wp\/v2\/media?parent=203"}],"curies":[{"name":"wp","href":"https:\/\/api.w.org\/{rel}","templated":true}]}}