{"id":198,"date":"2014-10-24T16:19:13","date_gmt":"2014-10-24T16:19:13","guid":{"rendered":"http:\/\/www.navaslaw.com\/contenido\/?page_id=198"},"modified":"2014-11-19T22:48:27","modified_gmt":"2014-11-19T22:48:27","slug":"derecho-de-familia","status":"publish","type":"page","link":"http:\/\/www.navaslaw.com\/es\/derecho-de-familia\/","title":{"rendered":"Derecho de Familia"},"content":{"rendered":"<h1 class=\"archive-title fontz\"><span>Derecho de Familia<\/span><\/h1>\n<p>(ABOGADOS FAMILIA COSTA RICA) La amplia experiencia y preparaci\u00f3n de nuestros especialistas en Derecho de Familia garantiza a nuestros clientes la seguridad jur\u00eddica y emocional que requieren en el tema de conflictos familiares, siendo \u00e9sta, por su naturaleza propia, una \u00e1rea del derecho que involucra temas m\u00e1s complejos y que van m\u00e1s all\u00e1 del plano jur\u00eddico y judicial.<\/p>\n<p>&nbsp;<\/p>\n<p>Nuestro Departamento de Derecho de Familia, estudia los casos desde una perspectiva integral, conociendo los factores jur\u00eddicos, econ\u00f3micos, emocionales y sicol\u00f3gicos que los conflictos familiares conllevan y producen en las personas involucradas. Asesoramos a nuestros clientes de forma \u00e1gil, efectiva y eficiente, para dirigir procesos y negociaciones, tanto judiciales como extra-judiciales, que produzcan soluciones duraderas y permanentes.<\/p>\n<p>&nbsp;<\/p>\n<p>Entre los servicios que brindamos en el \u00e1rea de Derecho de Familia se encuentran los siguientes:<\/p>\n<p>&nbsp;<\/p>\n<ul style=\"margin-left:80px;\">\n<li>Divorcios por Mutuo Acuerdo.<\/li>\n<li>Procesos Judiciales de Divorcio.<\/li>\n<li>Separaciones Judiciales.<\/li>\n<li>Distribuci\u00f3n de Bienes Gananciales.<\/li>\n<li>Pensiones Alimentarias (provisionales, fijaci\u00f3n, aumento, disminuci\u00f3n y exoneraci\u00f3n)<\/li>\n<li>Reg\u00edmenes de Visitas.<\/li>\n<li>Guarda, crianza y educaci\u00f3n de menores.<\/li>\n<li>Adopciones.<\/li>\n<li>Asuntos  de Violencia Dom\u00e9stica.<\/li>\n<li>Asuntos de Violencia contra el adulto mayor.<\/li>\n<li>Matrimonios Civiles.<\/li>\n<li>Acuerdos pre-nupciales (Capitulaciones matrimoniales)<\/li>\n<li>Reconocimiento de hijos.<\/li>\n<li>Impugnaciones de paternidad.<\/li>\n<li>Apremios corporales por pensiones alimentarias.<\/li>\n<li>Reconocimiento de uniones de hecho.<\/li>\n<\/ul>\n<p>&nbsp;<br \/>\n&nbsp;<br \/>\n&nbsp;<br \/>\n<a href=\"http:\/\/www.navaslaw.com\/contenido\/informacion-util\/\" class=\"btn_info_util\">Informaci\u00f3n \u00datil ><\/a><\/p>\n","protected":false},"excerpt":{"rendered":"<p>Derecho de Familia (ABOGADOS FAMILIA COSTA RICA) La amplia experiencia y preparaci\u00f3n de nuestros especialistas en Derecho de Familia garantiza a nuestros clientes la seguridad jur\u00eddica y emocional que requieren en el tema de conflictos familiares, siendo \u00e9sta, por su naturaleza propia, una \u00e1rea del derecho que involucra temas m\u00e1s complejos y que van m\u00e1s [&hellip;]<\/p>\n","protected":false},"author":2,"featured_media":241,"parent":0,"menu_order":0,"comment_status":"closed","ping_status":"closed","template":"","meta":{"footnotes":""},"class_list":["post-198","page","type-page","status-publish","has-post-thumbnail","hentry"],"aioseo_notices":[],"_links":{"self":[{"href":"http:\/\/www.navaslaw.com\/es\/wp-json\/wp\/v2\/pages\/198","targetHints":{"allow":["GET"]}}],"collection":[{"href":"http:\/\/www.navaslaw.com\/es\/wp-json\/wp\/v2\/pages"}],"about":[{"href":"http:\/\/www.navaslaw.com\/es\/wp-json\/wp\/v2\/types\/page"}],"author":[{"embeddable":true,"href":"http:\/\/www.navaslaw.com\/es\/wp-json\/wp\/v2\/users\/2"}],"replies":[{"embeddable":true,"href":"http:\/\/www.navaslaw.com\/es\/wp-json\/wp\/v2\/comments?post=198"}],"version-history":[{"count":6,"href":"http:\/\/www.navaslaw.com\/es\/wp-json\/wp\/v2\/pages\/198\/revisions"}],"predecessor-version":[{"id":480,"href":"http:\/\/www.navaslaw.com\/es\/wp-json\/wp\/v2\/pages\/198\/revisions\/480"}],"wp:featuredmedia":[{"embeddable":true,"href":"http:\/\/www.navaslaw.com\/es\/wp-json\/wp\/v2\/media\/241"}],"wp:attachment":[{"href":"http:\/\/www.navaslaw.com\/es\/wp-json\/wp\/v2\/media?parent=198"}],"curies":[{"name":"wp","href":"https:\/\/api.w.org\/{rel}","templated":true}]}}