{"id":194,"date":"2014-10-24T16:04:25","date_gmt":"2014-10-24T16:04:25","guid":{"rendered":"http:\/\/www.navaslaw.com\/contenido\/?page_id=194"},"modified":"2015-03-17T22:34:11","modified_gmt":"2015-03-17T22:34:11","slug":"derecho-laboral","status":"publish","type":"page","link":"http:\/\/www.navaslaw.com\/es\/derecho-laboral\/","title":{"rendered":"Derecho Laboral"},"content":{"rendered":"<h1 class=\"archive-title fontz\"><span>Derecho Laboral<\/span><\/h1>\n<p>(ABOGADOS LABORALISTAS COSTA RICA) El equipo de abogados del Bufete Navas &#038; Navas incluye especialistas en derecho laboral que poseen amplia experiencia en la atenci\u00f3n de conflictos laborales, tanto individuales como colectivos, de orden privado o ante la Administraci\u00f3n P\u00fablica. Asimismo, contamos con extensa experiencia en el asesoramiento de empresas nacionales y transnacionales, dirigido a la prevenci\u00f3n y mitigaci\u00f3n de riesgos en el \u00e1mbito laboral. <\/p>\n<p>&nbsp;<\/p>\n<p>La misi\u00f3n de nuestros abogados laboralistas y corporativos es trabajar de la mano de nuestros clientes y asesorarlos de manera que tomen decisiones informadas que se traduzcan en un ahorro para la compa\u00f1\u00eda y en satisfacci\u00f3n de los derechos laborales de los trabajadores. Independientemente del tipo de actividad que se desarrolle (hotel, empresa tur\u00edstica, empresa de manufactura, empresa de servicios, call-center o centro de llamadas, trabajo dom\u00e9stico, etc.), nuestros clientes pueden beneficiarse, entre otros, de los siguientes servicios:<\/p>\n<p>&nbsp;<\/p>\n<ul style=\"margin-left:80px;\">\n<li>Asesor\u00eda preventiva y correctiva permanente en materia laboral.<\/li>\n<li>Inscripciones ante la Caja Costarricense del Seguro Social (CCSS).<\/li>\n<li>Manejo de planillas.<\/li>\n<li>Asesor\u00eda en el dise\u00f1o e implementaci\u00f3n del modelo laboral requerido para cada tipo de empresa.<\/li>\n<li>Asesor\u00eda y asistencia en la redacci\u00f3n de contratos de trabajo. <\/li>\n<li>Asesor\u00eda y asistencia en la redacci\u00f3n e implementaci\u00f3n de pol\u00edticas internas de trabajo.<\/li>\n<li>Revisi\u00f3n, mejoramiento y adaptaci\u00f3n de manuales de trabajo, pol\u00edticas internas y reglamentos internos de trabajo. <\/li>\n<li>C\u00e1lculo de prestaciones laborales (vacaciones, aguinaldo, preaviso, auxilio de cesant\u00eda, horas extra, salario en especie).<\/li>\n<li>Diagn\u00f3sticos sobre pr\u00e1cticas laborales y asistencia en la reducci\u00f3n y mitigaci\u00f3n de riesgos. <\/li>\n<li>Diagn\u00f3stico sobre contingencias laborales previo a la adquisici\u00f3n de un establecimiento mercantil o empresa.<\/li>\n<li>Capacitaci\u00f3n en temas pr\u00e1cticos para personal encargado del manejo de los recursos humanos.<\/li>\n<li>Asesor\u00eda y manejo de casos de acoso sexual y acoso laboral (mobbing).<\/li>\n<li>Manejo de conflictos laborales individuales y colectivos.<\/li>\n<li>Manejo de juicios laborales.<\/li>\n<li>Atenci\u00f3n de procedimientos laborales ante la Administraci\u00f3n P\u00fablica.<\/li>\n<li>Atenci\u00f3n de audiencias de conciliaci\u00f3n ante el Ministerio de Trabajo y Seguridad Social.<\/li>\n<li>Atenci\u00f3n de procesos ante la Caja Costarricense del Seguro Social (CCSS).<\/li>\n<li>Resoluci\u00f3n Alterna de Conflictos Laborales (negociaci\u00f3n, conciliaci\u00f3n y mediaci\u00f3n).<\/li>\n<\/ul>\n<p>&nbsp;<br \/>\n&nbsp;<br \/>\n&nbsp;<br \/>\n<a href=\"http:\/\/www.navaslaw.com\/contenido\/informacion-util\/\" class=\"btn_info_util\">Informaci\u00f3n \u00datil ><\/a><\/p>\n","protected":false},"excerpt":{"rendered":"<p>Derecho Laboral (ABOGADOS LABORALISTAS COSTA RICA) El equipo de abogados del Bufete Navas &#038; Navas incluye especialistas en derecho laboral que poseen amplia experiencia en la atenci\u00f3n de conflictos laborales, tanto individuales como colectivos, de orden privado o ante la Administraci\u00f3n P\u00fablica. Asimismo, contamos con extensa experiencia en el asesoramiento de empresas nacionales y transnacionales, [&hellip;]<\/p>\n","protected":false},"author":2,"featured_media":500,"parent":0,"menu_order":0,"comment_status":"closed","ping_status":"closed","template":"","meta":{"footnotes":""},"class_list":["post-194","page","type-page","status-publish","has-post-thumbnail","hentry"],"aioseo_notices":[],"_links":{"self":[{"href":"http:\/\/www.navaslaw.com\/es\/wp-json\/wp\/v2\/pages\/194","targetHints":{"allow":["GET"]}}],"collection":[{"href":"http:\/\/www.navaslaw.com\/es\/wp-json\/wp\/v2\/pages"}],"about":[{"href":"http:\/\/www.navaslaw.com\/es\/wp-json\/wp\/v2\/types\/page"}],"author":[{"embeddable":true,"href":"http:\/\/www.navaslaw.com\/es\/wp-json\/wp\/v2\/users\/2"}],"replies":[{"embeddable":true,"href":"http:\/\/www.navaslaw.com\/es\/wp-json\/wp\/v2\/comments?post=194"}],"version-history":[{"count":4,"href":"http:\/\/www.navaslaw.com\/es\/wp-json\/wp\/v2\/pages\/194\/revisions"}],"predecessor-version":[{"id":481,"href":"http:\/\/www.navaslaw.com\/es\/wp-json\/wp\/v2\/pages\/194\/revisions\/481"}],"wp:featuredmedia":[{"embeddable":true,"href":"http:\/\/www.navaslaw.com\/es\/wp-json\/wp\/v2\/media\/500"}],"wp:attachment":[{"href":"http:\/\/www.navaslaw.com\/es\/wp-json\/wp\/v2\/media?parent=194"}],"curies":[{"name":"wp","href":"https:\/\/api.w.org\/{rel}","templated":true}]}}