{"id":187,"date":"2014-10-24T15:58:15","date_gmt":"2014-10-24T15:58:15","guid":{"rendered":"http:\/\/www.navaslaw.com\/contenido\/?page_id=187"},"modified":"2014-11-19T22:50:14","modified_gmt":"2014-11-19T22:50:14","slug":"litigio-y-soluciones-alternas","status":"publish","type":"page","link":"http:\/\/www.navaslaw.com\/es\/litigio-y-soluciones-alternas\/","title":{"rendered":"Litigio y Soluciones Alternas"},"content":{"rendered":"<h1 class=\"archive-title fontz\"><span>Litigio y Soluciones Alternas<\/span><\/h1>\n<p>(ABOGADOS LITIGANTES COSTA RICA \/ MEDIADORES CONCILIADORES COSTA RICA \/ ARBITRAJE COSTA RICA) La vida moderna, los negocios y todos los aspectos de nuestra convivencia con los dem\u00e1s suponen situaciones que pueden desembocar en conflictos laborales, civiles, comerciales, vecinales, familiares y de tr\u00e1nsito, entre otros, los cuales requieren la intervenci\u00f3n de un abogado que procure la soluci\u00f3n m\u00e1s conveniente a sus intereses. Cuando las partes involucradas en un conflicto no logran ponerse de acuerdo, nuestro sistema judicial provee las instancias para que las partes obtengan soluci\u00f3n a sus diferencias a trav\u00e9s de la decisi\u00f3n de un juez o tribunal. Asimismo, el sistema legal costarricense prev\u00e9 medios de Resoluci\u00f3n Alterna de Conflictos, como lo son la negociaci\u00f3n, la mediaci\u00f3n, la conciliaci\u00f3n y el arbitraje, mediante los cuales las partes, voluntariamente, pueden dirimir sus diferencias y lograr soluciones satisfactorias sin necesidad de acudir a un proceso judicial.<\/p>\n<p>&nbsp;<\/p>\n<p>Bufete Navas &#038; Navas cuenta tanto con abogados litigantes, especialistas en distintas materias, como con abogados especialistas en Resoluci\u00f3n Alterna de Conflictos, expertos en el manejo de las t\u00e9cnicas de negociaci\u00f3n de la Universidad de Harvard, mediadores certificados por el Ministerio de Justicia y especialistas en arbirtrajes comerciales, nacionales e internacionales.<\/p>\n<p>&nbsp;<\/p>\n<p>Entre los servicios que brindamos en el \u00e1rea de Litigio y Resoluci\u00f3n Alterna de Conflictos se encuentran los siguientes:<\/p>\n<p>&nbsp;<\/p>\n<ul style=\"margin-left:80px;\">\n<li>Estudio, diagn\u00f3stico y emisi\u00f3n de opiniones legales de casos.\n<li>Resoluci\u00f3n Alterna de Conflictos.\n<li>Arbitrajes nacionales e internacionales.\n<li>Procesos de conciliaci\u00f3n  y mediaci\u00f3n ante el Ministerio de Trabajo, la C\u00e1mara de Comercio de Costa Rica, el Centro de Justicia Alternativa del Colegio de Abogados, el Colegio Federado de Ingenieros y Arquitectos y la Comisi\u00f3n de Protecci\u00f3n al Consumidor, entre otros.\n<li>Procesos judiciales por incumplimiento contractual.<\/li>\n<li>Procesos judiciales relacionados con la Ley de Protecci\u00f3n al Representante de Casas Extranjeras (Ley 6209 y Ley 8629).<\/li>\n<li>Procesos de cobro judicial de facturas, letras de cambio, pagar\u00e9s, y otros (procesos monitorios) bajo Ley de Cobro judicial (Ley 8624).<\/li>\n<li>Procesos de ejecuci\u00f3n hipotecaria y prendaria bajo Ley de Cobro judicial (Ley 8624).<\/li>\n<li>Procesos de Ejecuci\u00f3n de Sentencia.<\/li>\n<li>Embargos.<\/li>\n<li>Procesos Penales.<\/li>\n<li>Procesos de Tr\u00e1nsito.<\/li>\n<li>Procesos de Desahucio.<\/li>\n<li>Procesos Reivindicatorios.<\/li>\n<li>Informaciones Posesorias.<\/li>\n<li>Interdictos. <\/li>\n<li>Procesos Laborales relacionados con el pago de prestaciones (preaviso, auxilio de cesant\u00eda, aguinaldo, vacaciones), hostigamiento sexual, acoso laboral y seguridad social.<\/li>\n<li>Procesos de Familia (divorcios, violencia dom\u00e9stica, pensiones alimentarias y otros). <\/li>\n<li>Procesos Sucesorios.<\/li>\n<li>Procesos de Quiebra o Insolvencia.<\/li>\n<li>Convenio Preventivo.<\/li>\n<li>Procesos de Administraci\u00f3n por Intervenci\u00f3n Judicial.<\/li>\n<\/ul>\n<p>&nbsp;<br \/>\n&nbsp;<br \/>\n&nbsp;<br \/>\n<a href=\"http:\/\/www.navaslaw.com\/contenido\/informacion-util\/\" class=\"btn_info_util\">Informaci\u00f3n \u00datil ><\/a><\/p>\n","protected":false},"excerpt":{"rendered":"<p>Litigio y Soluciones Alternas (ABOGADOS LITIGANTES COSTA RICA \/ MEDIADORES CONCILIADORES COSTA RICA \/ ARBITRAJE COSTA RICA) La vida moderna, los negocios y todos los aspectos de nuestra convivencia con los dem\u00e1s suponen situaciones que pueden desembocar en conflictos laborales, civiles, comerciales, vecinales, familiares y de tr\u00e1nsito, entre otros, los cuales requieren la intervenci\u00f3n de [&hellip;]<\/p>\n","protected":false},"author":2,"featured_media":293,"parent":0,"menu_order":0,"comment_status":"closed","ping_status":"closed","template":"","meta":{"footnotes":""},"class_list":["post-187","page","type-page","status-publish","has-post-thumbnail","hentry"],"aioseo_notices":[],"_links":{"self":[{"href":"http:\/\/www.navaslaw.com\/es\/wp-json\/wp\/v2\/pages\/187","targetHints":{"allow":["GET"]}}],"collection":[{"href":"http:\/\/www.navaslaw.com\/es\/wp-json\/wp\/v2\/pages"}],"about":[{"href":"http:\/\/www.navaslaw.com\/es\/wp-json\/wp\/v2\/types\/page"}],"author":[{"embeddable":true,"href":"http:\/\/www.navaslaw.com\/es\/wp-json\/wp\/v2\/users\/2"}],"replies":[{"embeddable":true,"href":"http:\/\/www.navaslaw.com\/es\/wp-json\/wp\/v2\/comments?post=187"}],"version-history":[{"count":8,"href":"http:\/\/www.navaslaw.com\/es\/wp-json\/wp\/v2\/pages\/187\/revisions"}],"predecessor-version":[{"id":483,"href":"http:\/\/www.navaslaw.com\/es\/wp-json\/wp\/v2\/pages\/187\/revisions\/483"}],"wp:featuredmedia":[{"embeddable":true,"href":"http:\/\/www.navaslaw.com\/es\/wp-json\/wp\/v2\/media\/293"}],"wp:attachment":[{"href":"http:\/\/www.navaslaw.com\/es\/wp-json\/wp\/v2\/media?parent=187"}],"curies":[{"name":"wp","href":"https:\/\/api.w.org\/{rel}","templated":true}]}}