{"id":177,"date":"2014-10-24T15:47:05","date_gmt":"2014-10-24T15:47:05","guid":{"rendered":"http:\/\/www.navaslaw.com\/contenido\/?page_id=177"},"modified":"2014-11-19T22:50:27","modified_gmt":"2014-11-19T22:50:27","slug":"propiedad-intelectual","status":"publish","type":"page","link":"http:\/\/www.navaslaw.com\/es\/propiedad-intelectual\/","title":{"rendered":"Propiedad Intelectual"},"content":{"rendered":"<h1 class=\"archive-title fontz\"><span>Propiedad Intelectual y Propiedad Industrial<\/span><\/h1>\n<p>(DERECHOS DE AUTOR Y MARCAS COSTA RICA) En Bufete Navas &amp; Navas somos conscientes de la importancia que actualmente representa una adecuada protecci\u00f3n de las marcas, los nombres comerciales, las obras literarias o art\u00edsticas, el software, los inventos o creaciones cient\u00edficas y, en general, todo producto del intelecto humano.<\/p>\n<p>&nbsp;<\/p>\n<p>Costa Rica, ha suscrito m\u00faltiples convenios internacionales que regulan los derechos de propiedad intelectual y la propiedad industrial, como lo son el Convenio de Par\u00eds, la Declaraci\u00f3n Universal de Derechos Humanos, Convenio de Berna y el Tratado sobre el Derecho de Marcas, entre otros. Asimismo, contamos con leyes como la Ley de Derechos de Autor y Derechos Conexos, la Ley de Marcas y otros Signos Distintivos, y la Ley de Procedimientos de Observancia de los Derechos de Propiedad Intelectual, entre otras, que protegen y regulan el uso y explotaci\u00f3n de tan importantes bienes.<\/p>\n<p>&nbsp;<\/p>\n<p>Entre los servicios que brindamos en el campo de la propiedad intelectual, tenemos los siguientes:<\/p>\n<p>&nbsp;<\/p>\n<ul style=\"margin-left:80px;\">\n<li>Inscripci\u00f3n y renovaci\u00f3n de nombre comercial.<\/li>\n<li>Inscripci\u00f3n y renovaci\u00f3n de marcas.<\/li>\n<li>Inscripci\u00f3n de se\u00f1ales de propaganda y publicidad.<\/li>\n<li>Inscripci\u00f3n de patentes de invenci\u00f3n.<\/li>\n<li>Inscripci\u00f3n de derechos de autor.<\/li>\n<li>Asesor\u00eda en redacci\u00f3n y adaptaci\u00f3n de licencias de uso.<\/li>\n<li>Asesor\u00eda en protecci\u00f3n de Informaci\u00f3n Confidencial y Datos Personales.<\/li>\n<li>Redacci\u00f3n, revisi\u00f3n y adaptaci\u00f3n de acuerdos de propiedad intelectual.<\/li>\n<li>Redacci\u00f3n, revisi\u00f3n y adaptaci\u00f3n de contratos de confidencialidad.<\/li>\n<li>Estudio, diagn\u00f3stico y asesor\u00eda en casos de propiedad intelectual.<\/li>\n<li>Atenci\u00f3n de litigios.<\/li>\n<\/ul>\n<p>&nbsp;<br \/>\n&nbsp;<br \/>\n&nbsp;<br \/>\n<a href=\"http:\/\/www.navaslaw.com\/contenido\/informacion-util\/\" class=\"btn_info_util\">Informaci\u00f3n \u00datil ><\/a><\/p>\n","protected":false},"excerpt":{"rendered":"<p>Propiedad Intelectual y Propiedad Industrial (DERECHOS DE AUTOR Y MARCAS COSTA RICA) En Bufete Navas &amp; Navas somos conscientes de la importancia que actualmente representa una adecuada protecci\u00f3n de las marcas, los nombres comerciales, las obras literarias o art\u00edsticas, el software, los inventos o creaciones cient\u00edficas y, en general, todo producto del intelecto humano. &nbsp; [&hellip;]<\/p>\n","protected":false},"author":2,"featured_media":295,"parent":0,"menu_order":0,"comment_status":"closed","ping_status":"closed","template":"","meta":{"footnotes":""},"class_list":["post-177","page","type-page","status-publish","has-post-thumbnail","hentry"],"aioseo_notices":[],"_links":{"self":[{"href":"http:\/\/www.navaslaw.com\/es\/wp-json\/wp\/v2\/pages\/177","targetHints":{"allow":["GET"]}}],"collection":[{"href":"http:\/\/www.navaslaw.com\/es\/wp-json\/wp\/v2\/pages"}],"about":[{"href":"http:\/\/www.navaslaw.com\/es\/wp-json\/wp\/v2\/types\/page"}],"author":[{"embeddable":true,"href":"http:\/\/www.navaslaw.com\/es\/wp-json\/wp\/v2\/users\/2"}],"replies":[{"embeddable":true,"href":"http:\/\/www.navaslaw.com\/es\/wp-json\/wp\/v2\/comments?post=177"}],"version-history":[{"count":11,"href":"http:\/\/www.navaslaw.com\/es\/wp-json\/wp\/v2\/pages\/177\/revisions"}],"predecessor-version":[{"id":485,"href":"http:\/\/www.navaslaw.com\/es\/wp-json\/wp\/v2\/pages\/177\/revisions\/485"}],"wp:featuredmedia":[{"embeddable":true,"href":"http:\/\/www.navaslaw.com\/es\/wp-json\/wp\/v2\/media\/295"}],"wp:attachment":[{"href":"http:\/\/www.navaslaw.com\/es\/wp-json\/wp\/v2\/media?parent=177"}],"curies":[{"name":"wp","href":"https:\/\/api.w.org\/{rel}","templated":true}]}}