{"id":158,"date":"2014-10-24T14:57:50","date_gmt":"2014-10-24T14:57:50","guid":{"rendered":"http:\/\/www.navaslaw.com\/contenido\/?page_id=158"},"modified":"2014-11-19T22:47:45","modified_gmt":"2014-11-19T22:47:45","slug":"bienes-raices","status":"publish","type":"page","link":"http:\/\/www.navaslaw.com\/es\/bienes-raices\/","title":{"rendered":"Bienes Ra\u00edces"},"content":{"rendered":"<h1 class=\"archive-title fontz\"><span>Bienes Ra\u00edces<\/span><\/h1>\n<p>(ABOGADOS BIENES RA\u00cdCES COSTA RICA) Es ampliamente reconocido que las inversiones en bienes ra\u00edces y dem\u00e1s negocios inmobiliarios son de los m\u00e1s rentables y seguros en el tiempo. Indistintamente de la nacionalidad, Costa Rica reconoce el derecho a la propiedad de bienes inmuebles sin ning\u00fan distingo. El Estado costarricense cuenta con un Registro de la Propiedad (Registro Nacional) y un Catastro Nacional, que garantizan la titularidad y publicidad registrales de los t\u00edtulos de propiedad, grav\u00e1menes existentes, anotaciones o hipotecas, as\u00ed como cualquier otra informaci\u00f3n relevante para la venta o compra de propiedades en Costa Rica.<\/p>\n<p>&nbsp;<\/p>\n<p>En Navas &amp; Navas sabemos que una inversi\u00f3n inmobiliaria representa un negocio de suma importancia para el cliente, pues supone, tanto una inversi\u00f3n importante de capital como la disposici\u00f3n del patrimonio que ha sido adquirido con gran esfuerzo. Es por ello que en Navas &amp; Navas puede contar con la asesor\u00eda de abogados y Notarios P\u00fablicos, altamente capacitados, con experiencia de m\u00e1s de 20 a\u00f1os en el ejercicio profesional, que lo guiar\u00e1n y asesorar\u00e1n para completar su negocio inmobiliario de manera segura, exitosa y asumiendo el menor riesgo posible.<\/p>\n<p>&nbsp;<\/p>\n<p>Entre otros, los servicios que brindamos en asesor\u00eda legal de bienes ra\u00edces, se encuentran los siguientes:<\/p>\n<p>&nbsp;<\/p>\n<ul style=\"margin-left:80px;\">\n<li>Asesor\u00eda legal para la compra o venta de propiedades.<\/li>\n<li>Estudio previo registral, catastral y municipal del inmueble.<\/li>\n<li>Opciones de Compra- Venta.<\/li>\n<li>Promesas de Compra- Venta.<\/li>\n<li>Contratos con Corredores de Bienes Ra\u00edces.<\/li>\n<li>Asistencia para el pago de impuestos municipales y de bienes inmuebles.<\/li>\n<li>Contratos de Arrendamiento.<\/li>\n<li>Servicios Notariales.<\/li>\n<li>Escrituras de Traspaso o Compra- Venta.<\/li>\n<li>Constituci\u00f3n de Hipotecas y C\u00e9dulas Hipotecarias.<\/li>\n<li>Cancelaci\u00f3n de Hipotecas y C\u00e9dulas Hipotecarias.<\/li>\n<li>Fideicomisos de Garant\u00eda y de Administraci\u00f3n.<\/li>\n<li>Contratos de Construcci\u00f3n.<\/li>\n<li>Verificaci\u00f3n y tr\u00e1mite de uso de suelo.<\/li>\n<li>Obtenci\u00f3n de permisos de construcci\u00f3n.<\/li>\n<li>Segregaciones de fincas o lotes.<\/li>\n<li>Reuniones de fincas o lotes.<\/li>\n<li>Constituci\u00f3n de Usufructo.<\/li>\n<li>R\u00e9gimen de Condominio.<\/li>\n<li>Localizaci\u00f3n de Derechos Indivisos.<\/li>\n<li>Desarrollo de Proyectos Inmobiliarios.<\/li>\n<li>Permisos de viabilidad ambiental ante SETENA (Secretar\u00eda T\u00e9cnica Nacional Ambiental).<\/li>\n<\/ul>\n<p>&nbsp;<br \/>\n&nbsp;<br \/>\n&nbsp;<br \/>\n<a href=\"http:\/\/www.navaslaw.com\/contenido\/informacion-util\/\" class=\"btn_info_util\">Informaci\u00f3n \u00datil ><\/a><\/p>\n","protected":false},"excerpt":{"rendered":"<p>Bienes Ra\u00edces (ABOGADOS BIENES RA\u00cdCES COSTA RICA) Es ampliamente reconocido que las inversiones en bienes ra\u00edces y dem\u00e1s negocios inmobiliarios son de los m\u00e1s rentables y seguros en el tiempo. Indistintamente de la nacionalidad, Costa Rica reconoce el derecho a la propiedad de bienes inmuebles sin ning\u00fan distingo. El Estado costarricense cuenta con un Registro [&hellip;]<\/p>\n","protected":false},"author":2,"featured_media":291,"parent":0,"menu_order":0,"comment_status":"closed","ping_status":"closed","template":"","meta":{"footnotes":""},"class_list":["post-158","page","type-page","status-publish","has-post-thumbnail","hentry"],"aioseo_notices":[],"_links":{"self":[{"href":"http:\/\/www.navaslaw.com\/es\/wp-json\/wp\/v2\/pages\/158","targetHints":{"allow":["GET"]}}],"collection":[{"href":"http:\/\/www.navaslaw.com\/es\/wp-json\/wp\/v2\/pages"}],"about":[{"href":"http:\/\/www.navaslaw.com\/es\/wp-json\/wp\/v2\/types\/page"}],"author":[{"embeddable":true,"href":"http:\/\/www.navaslaw.com\/es\/wp-json\/wp\/v2\/users\/2"}],"replies":[{"embeddable":true,"href":"http:\/\/www.navaslaw.com\/es\/wp-json\/wp\/v2\/comments?post=158"}],"version-history":[{"count":24,"href":"http:\/\/www.navaslaw.com\/es\/wp-json\/wp\/v2\/pages\/158\/revisions"}],"predecessor-version":[{"id":476,"href":"http:\/\/www.navaslaw.com\/es\/wp-json\/wp\/v2\/pages\/158\/revisions\/476"}],"wp:featuredmedia":[{"embeddable":true,"href":"http:\/\/www.navaslaw.com\/es\/wp-json\/wp\/v2\/media\/291"}],"wp:attachment":[{"href":"http:\/\/www.navaslaw.com\/es\/wp-json\/wp\/v2\/media?parent=158"}],"curies":[{"name":"wp","href":"https:\/\/api.w.org\/{rel}","templated":true}]}}