{"id":153,"date":"2014-10-22T22:43:56","date_gmt":"2014-10-22T22:43:56","guid":{"rendered":"http:\/\/www.navaslaw.com\/contenido\/?page_id=153"},"modified":"2015-03-17T17:41:27","modified_gmt":"2015-03-17T17:41:27","slug":"de-nuestros-clientes","status":"publish","type":"page","link":"http:\/\/www.navaslaw.com\/es\/de-nuestros-clientes\/","title":{"rendered":"De Nuestros Clientes"},"content":{"rendered":"<h1 class=\"archive-title fontz\"><span>De Nuestros Clientes<\/span><\/h1>\n<div class=\"comment_client\">\n<div class=\"arrow\"><\/div>\n<p>&#8220;Puedo decir que nos dan un trato muy especia,l nos hacen sentir importantes en cada llamada y pregunta que hacemos. Se preocupan por el cliente!!&#8221;<\/p>\n<p>Etty Mizrachi, INTCOMEX COSTA RICA MAYORISTA EN EQUIPO DE COMPUTO S.A.\n<\/p><\/div>\n<div class=\"comment_client\">\n<div class=\"arrow\"><\/div>\n<p>&#8220;I can say that they give us a very special treatment, they make us feel important in every call and every question we make. They care for the client!!&#8221;<\/p>\n<p>Etty Mizrachi, INTCOMEX COSTA RICA MAYORISTA EN EQUIPO DE COMPUTO S.A.\n<\/p><\/div>\n<div class=\"comment_client\">\n<div class=\"arrow\"><\/div>\n<p>&#8220;Aprovecho la oportunidad para agradecerle a Dios (&#8230;) y ustedes Navas &#038; Navas el hecho de que hoy goce de absoluta libertad. Gracias a ustedes gozo de una gran tranquilidad, soy de nuevo un hombre  feliz (&#8230;)&#8221;<\/p>\n<p>M.P.B. (cliente de caso penal)\n<\/p><\/div>\n<div class=\"comment_client\">\n<div class=\"arrow\"><\/div>\n<p>&#8220;I would like to take advantage of the opportunity to thank God (&#8230;) and you Navas &#038; Navas for the fact that today I enjoy absolute freedom. Thanks to you I enjoy great peace; I am again a happy man (&#8230;)&#8221;<\/p>\n<p>M.P.B. (criminal case client)\n<\/p><\/div>\n<div class=\"comment_client\">\n<div class=\"arrow\"><\/div>\n<p>\u201cConsegu\u00ed en NAVAS &#038; NAVAS una excelente asesor\u00eda profesional, altamente personalizada, con total disposici\u00f3n y un gran trato humano\u2026 encontr\u00e9 profesionalismo a la par de una mano para salir adelante de un proceso personal dif\u00edcil.\u201d\n<\/p><\/div>\n<div class=\"comment_client\">\n<div class=\"arrow\"><\/div>\n<p>&#8220;I found in NAVAS &#038; NAVAS excellent professional counseling, highly personalized, with full availability and great human treatment&#8230; I found profesionalism besides a hand to overcome a very hard personal process.&#8221; <\/p>\n<\/div>\n<div class=\"comment_client\">\n<div class=\"arrow\"><\/div>\n<p>&#8220;Quisiera agradecerle a Ud. y a su equipo \/ colegas; (\u2026) por su trabajo en el caso de\u2026 . No la conoc\u00edamos, pero a trav\u00e9s de su comunicaci\u00f3n (\u2026), opiniones y decisiones, nos sentimos seguros de que el caso de (\u2026) estaba en las mejores manos!&#8221;<\/p>\n<p>T. Bjorgen.<\/p>\n<\/div>\n<div class=\"comment_client\">\n<div class=\"arrow\"><\/div>\n<p>&#8220;I\u2019d like to thank you and your staff \/ colleagues; (\u2026) for your work with H\u2026.\u2019s case. (\u2026) We did not know you, but through your communication (\u2026), opinions and choices, we felt reassured that \u2026.\u2019s case was in the best hands!&#8221;<\/p>\n<p> T. Bjorgen\n<\/p><\/div>\n","protected":false},"excerpt":{"rendered":"<p>De Nuestros Clientes &#8220;Puedo decir que nos dan un trato muy especia,l nos hacen sentir importantes en cada llamada y pregunta que hacemos. Se preocupan por el cliente!!&#8221; Etty Mizrachi, INTCOMEX COSTA RICA MAYORISTA EN EQUIPO DE COMPUTO S.A. &#8220;I can say that they give us a very special treatment, they make us feel important [&hellip;]<\/p>\n","protected":false},"author":2,"featured_media":0,"parent":0,"menu_order":0,"comment_status":"closed","ping_status":"closed","template":"","meta":{"footnotes":""},"class_list":["post-153","page","type-page","status-publish","hentry"],"aioseo_notices":[],"_links":{"self":[{"href":"http:\/\/www.navaslaw.com\/es\/wp-json\/wp\/v2\/pages\/153","targetHints":{"allow":["GET"]}}],"collection":[{"href":"http:\/\/www.navaslaw.com\/es\/wp-json\/wp\/v2\/pages"}],"about":[{"href":"http:\/\/www.navaslaw.com\/es\/wp-json\/wp\/v2\/types\/page"}],"author":[{"embeddable":true,"href":"http:\/\/www.navaslaw.com\/es\/wp-json\/wp\/v2\/users\/2"}],"replies":[{"embeddable":true,"href":"http:\/\/www.navaslaw.com\/es\/wp-json\/wp\/v2\/comments?post=153"}],"version-history":[{"count":11,"href":"http:\/\/www.navaslaw.com\/es\/wp-json\/wp\/v2\/pages\/153\/revisions"}],"predecessor-version":[{"id":600,"href":"http:\/\/www.navaslaw.com\/es\/wp-json\/wp\/v2\/pages\/153\/revisions\/600"}],"wp:attachment":[{"href":"http:\/\/www.navaslaw.com\/es\/wp-json\/wp\/v2\/media?parent=153"}],"curies":[{"name":"wp","href":"https:\/\/api.w.org\/{rel}","templated":true}]}}