{"id":145,"date":"2014-10-16T21:34:19","date_gmt":"2014-10-16T21:34:19","guid":{"rendered":"http:\/\/www.navaslaw.com\/contenido\/?page_id=145"},"modified":"2015-03-17T23:15:23","modified_gmt":"2015-03-17T23:15:23","slug":"historia-y-filosofia","status":"publish","type":"page","link":"http:\/\/www.navaslaw.com\/es\/historia-y-filosofia\/","title":{"rendered":"Historia y Filosof\u00eda"},"content":{"rendered":"<h1 class=\"archive-title fontz\"><span>Historia y Filosof\u00eda<\/span><\/h1>\n<p>(<span style=\"color: #585858;\">ABOGADOS Y NOTARIOS P\u00daBLICOS COSTA RICA<\/span>) El Bufete Navas &amp; Navas fue fundado en el a\u00f1o de 1979 por el Licenciado <strong>Rogelio Navas Guti\u00e9rrez<\/strong>, quien fue M\u00e1ster en Derecho Comparado de la Universidad de Columbia en Nueva York, Ministro Consejero de la Embajada de Costa Rica en Washington D.C. y Embajador de Costa Rica ante la Organizaci\u00f3n de Estados Americanos (OEA). Asimismo, se destac\u00f3 por su inter\u00e9s y constante estudio del ingl\u00e9s jur\u00eddico, lo que lo llev\u00f3 a publicar la obra &#8220;Diccionario Jur\u00eddico Ingl\u00e9s-Espa\u00f1ol&#8221;.<\/p>\n<p>Tras una brillante carrera en el Poder Judicial que la llev\u00f3 a ocupar puestos como Juez de Trabajo, Juez Superior, Fiscal del Ministerio P\u00fablico y la Jefatura del Departamento de Defensores P\u00fablicos, en 1984 se integr\u00f3 a la firma la Licda. Gloria Navas Montero.<\/p>\n<p>Ambos profesionales han sobresalido por su constante b\u00fasqueda de la excelencia en el ejercicio de la abogac\u00eda, lo que a su vez los ha llevado a realizar importantes aportes a la vida jur\u00eddica del pa\u00eds. Dicho inter\u00e9s ha sido transmitido e inculcado, por m\u00e1s 30 a\u00f1os, a las siguientes generaciones de abogados que han sido, y contin\u00faan siendo, parte del equipo de Navas &amp; Navas.<\/p>\n<p>Nuestro principal objetivo es ser considerados por nuestros clientes, m\u00e1s all\u00e1 que proveedores de servicios legales, sus &#8220;abogados de confianza&#8221;, sus socios de negocios, sus consejeros. Nos identificamos con nuestros clientes, nos comprometemos con sus causas y protejemos sus intereses, siempre en el m\u00e1s estricto apego a la legalidad y procurando los m\u00e1s altos niveles de justicia y equidad.<\/p>\n","protected":false},"excerpt":{"rendered":"<p>Historia y Filosof\u00eda (ABOGADOS Y NOTARIOS P\u00daBLICOS COSTA RICA) El Bufete Navas &amp; Navas fue fundado en el a\u00f1o de 1979 por el Licenciado Rogelio Navas Guti\u00e9rrez, quien fue M\u00e1ster en Derecho Comparado de la Universidad de Columbia en Nueva York, Ministro Consejero de la Embajada de Costa Rica en Washington D.C. y Embajador de [&hellip;]<\/p>\n","protected":false},"author":2,"featured_media":0,"parent":0,"menu_order":0,"comment_status":"closed","ping_status":"closed","template":"","meta":{"footnotes":""},"class_list":["post-145","page","type-page","status-publish","hentry"],"aioseo_notices":[],"_links":{"self":[{"href":"http:\/\/www.navaslaw.com\/es\/wp-json\/wp\/v2\/pages\/145","targetHints":{"allow":["GET"]}}],"collection":[{"href":"http:\/\/www.navaslaw.com\/es\/wp-json\/wp\/v2\/pages"}],"about":[{"href":"http:\/\/www.navaslaw.com\/es\/wp-json\/wp\/v2\/types\/page"}],"author":[{"embeddable":true,"href":"http:\/\/www.navaslaw.com\/es\/wp-json\/wp\/v2\/users\/2"}],"replies":[{"embeddable":true,"href":"http:\/\/www.navaslaw.com\/es\/wp-json\/wp\/v2\/comments?post=145"}],"version-history":[{"count":9,"href":"http:\/\/www.navaslaw.com\/es\/wp-json\/wp\/v2\/pages\/145\/revisions"}],"predecessor-version":[{"id":603,"href":"http:\/\/www.navaslaw.com\/es\/wp-json\/wp\/v2\/pages\/145\/revisions\/603"}],"wp:attachment":[{"href":"http:\/\/www.navaslaw.com\/es\/wp-json\/wp\/v2\/media?parent=145"}],"curies":[{"name":"wp","href":"https:\/\/api.w.org\/{rel}","templated":true}]}}